{"id":7745,"date":"2026-03-30T08:22:10","date_gmt":"2026-03-30T11:52:10","guid":{"rendered":"https:\/\/cenib.com.br\/site\/?page_id=7745"},"modified":"2026-04-24T13:55:11","modified_gmt":"2026-04-24T17:25:11","slug":"graduacao-e-pos-graduacao-ead","status":"publish","type":"page","link":"https:\/\/cenib.com.br\/site\/graduacao-e-pos-graduacao-ead\/","title":{"rendered":"Gradua\u00e7\u00e3o e P\u00f3s Gradua\u00e7\u00e3o EAD"},"content":{"rendered":"<h2 style=\"text-align: center;\"><span style=\"color: #000000;\"><strong>Uninassau e Unifael &#8211; <\/strong><\/span><span style=\"color: #000000;\"><strong>Polo Centro Rio<\/strong><\/span><\/h2>\n<p style=\"text-align: center;\">GRADUA\u00c7\u00c3O | P\u00d3S GRADUA\u00c7\u00c3O | EAD | SEMIPRESENCIAL<\/p>\n<p>O Polo Centro Rio, \u00e9 um espa\u00e7o de apoio presencial aos alunos das faculdades <em>UNINASSAU e UNIFAEL<\/em>. Aqui, voc\u00ea conta com suporte completo para facilitar sua jornada acad\u00eamica com mais organiza\u00e7\u00e3o, praticidade e seguran\u00e7a.<\/p>\n<p>Os cursos de gradua\u00e7\u00e3o e p\u00f3s-gradua\u00e7\u00e3o s\u00e3o oferecidos diretamente pelas institui\u00e7\u00f5es parceiras, nas modalidades EAD e semipresencial, garantindo flexibilidade para voc\u00ea estudar no seu ritmo.<\/p>\n<p>No polo, oferecemos atendimento para orienta\u00e7\u00f5es, realiza\u00e7\u00e3o de atividades presenciais, provas e acesso aos recursos acad\u00eamicos, sempre com uma equipe pronta para ajudar.<\/p>\n<p>D\u00ea o pr\u00f3ximo passo na sua carreira com o suporte certo.<\/p>\n<p><em><strong>Matricule-se e comece a transformar o seu futuro hoje mesmo.<\/strong><\/em><\/p>\n<p><strong>Entre em contato e saiba mais:<\/strong><br \/>\n<a href=\"https:\/\/wa.me\/5521986691044\"><strong>https:\/\/wa.me\/5521986691044<\/strong><\/a><\/p>\n<p>Polo Centro Rio \u2013 Apoio educacional que aproxima voc\u00ea dos seus objetivos.<\/p>\n<p>&nbsp;<\/p>\n<p style=\"text-align: left;\">Abaixo a lista de cursos:<\/p>\n<p style=\"text-align: center;\"><strong>GRADUA\u00c7\u00c3O EAD<\/strong><\/p>\n<ul>\n<li>Administra\u00e7\u00e3o<\/li>\n<li>An\u00e1lise e Desenvolvimento de Sistemas<\/li>\n<li>Banco de Dados<\/li>\n<li>Ci\u00eancias Aeron\u00e1uticas<\/li>\n<li>Ci\u00eancias Cont\u00e1beis<\/li>\n<li>Ci\u00eancias Econ\u00f4micas<\/li>\n<li>Coaching e Mentoring<\/li>\n<li>Design de Interiores<\/li>\n<li>Gastronomia<\/li>\n<li>Gest\u00e3o Comercial<\/li>\n<li>Gest\u00e3o da Qualidade<\/li>\n<li><strong>Entre Outros&#8230;<\/strong><\/li>\n<\/ul>\n<p style=\"text-align: center;\"><strong>GRADUA\u00c7\u00c3O SEMIPRESENCIAL\u00a0<\/strong><\/p>\n<ul>\n<li>Arquitetura e Urbanismo<\/li>\n<li>Ci\u00eancias Biol\u00f3gicas &#8211; Licenciatura<\/li>\n<li>Educa\u00e7\u00e3o Especial &#8211; Licenciatura<\/li>\n<li>Engenharia de Produ\u00e7\u00e3o<\/li>\n<li>Est\u00e9tica e Cosm\u00e9tica<\/li>\n<li>Terapia Ocupacional<\/li>\n<li><strong>Entre Outros&#8230;<\/strong><\/li>\n<\/ul>\n<p style=\"text-align: center;\"><strong>P\u00d3S GRADUA\u00c7\u00c3O EAD\u00a0<\/strong><\/p>\n<ul>\n<li>Administra\u00e7\u00e3o de Contratos P\u00fablicos<\/li>\n<li>Administra\u00e7\u00e3o de Departamento Pessoal<\/li>\n<li>Administra\u00e7\u00e3o de Prote\u00e7\u00e3o de Dados<\/li>\n<li>Administra\u00e7\u00e3o em Sa\u00fade P\u00fablica<\/li>\n<li>Administra\u00e7\u00e3o P\u00fablica e Direito P\u00fablico<\/li>\n<li>Alfabetiza\u00e7\u00e3o e Letramento<\/li>\n<li>An\u00e1lise e Projeto de Sistemas de Software<\/li>\n<li>An\u00e1lise e Projeto de Software<\/li>\n<li>Antropologia e Fundamentos da Educa\u00e7\u00e3o Social<\/li>\n<li><strong>Entre Outros&#8230;<\/strong><\/li>\n<\/ul>\n<p><img fetchpriority=\"high\" decoding=\"async\" class=\"wp-image-7848 aligncenter\" src=\"https:\/\/cenib.com.br\/site\/wp-content\/uploads\/2026\/04\/WhatsApp-Image-2026-04-24-at-14.07.24.jpeg\" alt=\"\" width=\"557\" height=\"231\" \/><\/p>\n<p style=\"text-align: center;\">Atendimento Polo Centro:\u00a0<a href=\"https:\/\/wa.me\/5521986691044\">https:\/\/wa.me\/5521986691044<\/a><\/p>\n<p>&nbsp;<\/p>\n<p><img decoding=\"async\" class=\"size-full wp-image-7849 aligncenter\" src=\"https:\/\/cenib.com.br\/site\/wp-content\/uploads\/2026\/04\/WhatsApp-Image-2026-04-24-at-14.10.42.jpeg\" alt=\"\" width=\"370\" height=\"397\" \/><\/p>\n<p style=\"text-align: center;\">Atendimento Polo Centro:\u00a0<a href=\"https:\/\/wa.me\/5521986691044\">https:\/\/wa.me\/5521986691044<\/a><\/p>\n<p>&nbsp;<\/p>\n<p>&nbsp;<\/p>\n<p>&nbsp;<\/p>\n<p>&nbsp;<\/p>\n<p><strong><em>Consulte o cadastro das institui\u00e7\u00f5es no portal E-mec<\/em><\/strong><\/p>\n<p><img decoding=\"async\" class=\"wp-image-7850 alignnone\" src=\"https:\/\/cenib.com.br\/site\/wp-content\/uploads\/2026\/04\/images-150x94.png\" alt=\"\" width=\"96\" height=\"60\" \/><\/p>\n<p><a href=\"https:\/\/emec.mec.gov.br\/emec\/consulta-cadastro\/detalhamento\/d96957f455f6405d14c6542552b0f6eb\/NDE1Mw==\"><img loading=\"lazy\" decoding=\"async\" class=\"alignnone size-thumbnail wp-image-7843\" src=\"https:\/\/cenib.com.br\/site\/wp-content\/uploads\/2026\/04\/OIP-150x150.webp\" alt=\"\" width=\"150\" height=\"150\" \/><\/a><\/p>\n<p><a href=\"https:\/\/emec.mec.gov.br\/emec\/consulta-cadastro\/detalhamento\/d96957f455f6405d14c6542552b0f6eb\/NDE1Mw==\">https:\/\/emec.mec.gov.br\/emec\/consulta-cadastro\/detalhamento\/d96957f455f6405d14c6542552b0f6eb\/NDE1Mw==<\/a><\/p>\n<p><strong><img loading=\"lazy\" decoding=\"async\" class=\"alignnone size-thumbnail wp-image-7842\" src=\"https:\/\/cenib.com.br\/site\/wp-content\/uploads\/2026\/04\/unifael_share-150x150.png\" alt=\"\" width=\"150\" height=\"150\" srcset=\"https:\/\/cenib.com.br\/site\/wp-content\/uploads\/2026\/04\/unifael_share-150x150.png 150w, https:\/\/cenib.com.br\/site\/wp-content\/uploads\/2026\/04\/unifael_share-768x768.png 768w, https:\/\/cenib.com.br\/site\/wp-content\/uploads\/2026\/04\/unifael_share.png 1200w\" sizes=\"(max-width: 150px) 100vw, 150px\" \/><\/strong><\/p>\n<p><a href=\"https:\/\/emec.mec.gov.br\/emec\/consulta-cadastro\/detalhamento\/d96957f455f6405d14c6542552b0f6eb\/MTIwNQ==\">https:\/\/emec.mec.gov.br\/emec\/consulta-cadastro\/detalhamento\/d96957f455f6405d14c6542552b0f6eb\/MTIwNQ==<\/a><\/p>\n<p>&nbsp;<\/p>\n<p>&nbsp;<\/p>\n<p>&nbsp;<\/p>\n","protected":false},"excerpt":{"rendered":"<p>Uninassau e Unifael &#8211; Polo Centro Rio GRADUA\u00c7\u00c3O | P\u00d3S GRADUA\u00c7\u00c3O | EAD | SEMIPRESENCIAL O Polo Centro Rio, \u00e9 um espa\u00e7o de apoio presencial aos alunos das faculdades UNINASSAU e UNIFAEL. Aqui, voc\u00ea conta com suporte completo para facilitar sua jornada acad\u00eamica com mais organiza\u00e7\u00e3o, praticidade e seguran\u00e7a. Os cursos de gradua\u00e7\u00e3o e p\u00f3s-gradua\u00e7\u00e3o [&hellip;]<\/p>\n","protected":false},"author":1,"featured_media":0,"parent":0,"menu_order":0,"comment_status":"closed","ping_status":"closed","template":"","meta":{"footnotes":""},"class_list":["post-7745","page","type-page","status-publish","hentry"],"yoast_head":"<!-- This site is optimized with the Yoast SEO plugin v27.2 - https:\/\/yoast.com\/product\/yoast-seo-wordpress\/ -->\n<title>Gradua\u00e7\u00e3o e P\u00f3s Gradua\u00e7\u00e3o EAD - Escola T\u00e9cnica Cenib<\/title>\n<meta name=\"robots\" content=\"index, follow, max-snippet:-1, max-image-preview:large, max-video-preview:-1\" \/>\n<link rel=\"canonical\" href=\"https:\/\/cenib.com.br\/site\/graduacao-e-pos-graduacao-ead\/\" \/>\n<meta property=\"og:locale\" content=\"pt_BR\" \/>\n<meta property=\"og:type\" content=\"article\" \/>\n<meta property=\"og:title\" content=\"Gradua\u00e7\u00e3o e P\u00f3s Gradua\u00e7\u00e3o EAD - Escola T\u00e9cnica Cenib\" \/>\n<meta property=\"og:description\" content=\"Uninassau e Unifael &#8211; Polo Centro Rio GRADUA\u00c7\u00c3O | P\u00d3S GRADUA\u00c7\u00c3O | EAD | SEMIPRESENCIAL O Polo Centro Rio, \u00e9 um espa\u00e7o de apoio presencial aos alunos das faculdades UNINASSAU e UNIFAEL. Aqui, voc\u00ea conta com suporte completo para facilitar sua jornada acad\u00eamica com mais organiza\u00e7\u00e3o, praticidade e seguran\u00e7a. Os cursos de gradua\u00e7\u00e3o e p\u00f3s-gradua\u00e7\u00e3o [&hellip;]\" \/>\n<meta property=\"og:url\" content=\"https:\/\/cenib.com.br\/site\/graduacao-e-pos-graduacao-ead\/\" \/>\n<meta property=\"og:site_name\" content=\"Escola T\u00e9cnica Cenib\" \/>\n<meta property=\"article:publisher\" content=\"https:\/\/facebook.com\/escolacenib\" \/>\n<meta property=\"article:modified_time\" content=\"2026-04-24T17:25:11+00:00\" \/>\n<meta property=\"og:image\" content=\"https:\/\/cenib.com.br\/site\/wp-content\/uploads\/2026\/04\/WhatsApp-Image-2026-04-24-at-14.07.24.jpeg\" \/>\n\t<meta property=\"og:image:width\" content=\"371\" \/>\n\t<meta property=\"og:image:height\" content=\"154\" \/>\n\t<meta property=\"og:image:type\" content=\"image\/jpeg\" \/>\n<meta name=\"twitter:card\" content=\"summary_large_image\" \/>\n<meta name=\"twitter:site\" content=\"@cenib\" \/>\n<meta name=\"twitter:label1\" content=\"Est. tempo de leitura\" \/>\n\t<meta name=\"twitter:data1\" content=\"3 minutos\" \/>\n<script type=\"application\/ld+json\" class=\"yoast-schema-graph\">{\"@context\":\"https:\/\/schema.org\",\"@graph\":[{\"@type\":\"WebPage\",\"@id\":\"https:\/\/cenib.com.br\/site\/graduacao-e-pos-graduacao-ead\/\",\"url\":\"https:\/\/cenib.com.br\/site\/graduacao-e-pos-graduacao-ead\/\",\"name\":\"Gradua\u00e7\u00e3o e P\u00f3s Gradua\u00e7\u00e3o EAD - Escola T\u00e9cnica Cenib\",\"isPartOf\":{\"@id\":\"https:\/\/cenib.com.br\/site\/#website\"},\"primaryImageOfPage\":{\"@id\":\"https:\/\/cenib.com.br\/site\/graduacao-e-pos-graduacao-ead\/#primaryimage\"},\"image\":{\"@id\":\"https:\/\/cenib.com.br\/site\/graduacao-e-pos-graduacao-ead\/#primaryimage\"},\"thumbnailUrl\":\"https:\/\/cenib.com.br\/site\/wp-content\/uploads\/2026\/04\/WhatsApp-Image-2026-04-24-at-14.07.24.jpeg\",\"datePublished\":\"2026-03-30T11:52:10+00:00\",\"dateModified\":\"2026-04-24T17:25:11+00:00\",\"breadcrumb\":{\"@id\":\"https:\/\/cenib.com.br\/site\/graduacao-e-pos-graduacao-ead\/#breadcrumb\"},\"inLanguage\":\"pt-BR\",\"potentialAction\":[{\"@type\":\"ReadAction\",\"target\":[\"https:\/\/cenib.com.br\/site\/graduacao-e-pos-graduacao-ead\/\"]}]},{\"@type\":\"ImageObject\",\"inLanguage\":\"pt-BR\",\"@id\":\"https:\/\/cenib.com.br\/site\/graduacao-e-pos-graduacao-ead\/#primaryimage\",\"url\":\"https:\/\/cenib.com.br\/site\/wp-content\/uploads\/2026\/04\/WhatsApp-Image-2026-04-24-at-14.07.24.jpeg\",\"contentUrl\":\"https:\/\/cenib.com.br\/site\/wp-content\/uploads\/2026\/04\/WhatsApp-Image-2026-04-24-at-14.07.24.jpeg\",\"width\":371,\"height\":154},{\"@type\":\"BreadcrumbList\",\"@id\":\"https:\/\/cenib.com.br\/site\/graduacao-e-pos-graduacao-ead\/#breadcrumb\",\"itemListElement\":[{\"@type\":\"ListItem\",\"position\":1,\"name\":\"In\u00edcio\",\"item\":\"https:\/\/cenib.com.br\/site\/\"},{\"@type\":\"ListItem\",\"position\":2,\"name\":\"Gradua\u00e7\u00e3o e P\u00f3s Gradua\u00e7\u00e3o EAD\"}]},{\"@type\":\"WebSite\",\"@id\":\"https:\/\/cenib.com.br\/site\/#website\",\"url\":\"https:\/\/cenib.com.br\/site\/\",\"name\":\"Escola Polit\u00e9cnica Cenib\",\"description\":\"Qualidade, Tradi\u00e7\u00e3o e Resultado\",\"publisher\":{\"@id\":\"https:\/\/cenib.com.br\/site\/#organization\"},\"potentialAction\":[{\"@type\":\"SearchAction\",\"target\":{\"@type\":\"EntryPoint\",\"urlTemplate\":\"https:\/\/cenib.com.br\/site\/?s={search_term_string}\"},\"query-input\":{\"@type\":\"PropertyValueSpecification\",\"valueRequired\":true,\"valueName\":\"search_term_string\"}}],\"inLanguage\":\"pt-BR\"},{\"@type\":\"Organization\",\"@id\":\"https:\/\/cenib.com.br\/site\/#organization\",\"name\":\"Escola Polit\u00e9cnica Cenib\",\"url\":\"https:\/\/cenib.com.br\/site\/\",\"logo\":{\"@type\":\"ImageObject\",\"inLanguage\":\"pt-BR\",\"@id\":\"https:\/\/cenib.com.br\/site\/#\/schema\/logo\/image\/\",\"url\":\"https:\/\/i0.wp.com\/cenib.com.br\/site\/wp-content\/uploads\/2018\/02\/logo.png?fit=307%2C93&ssl=1\",\"contentUrl\":\"https:\/\/i0.wp.com\/cenib.com.br\/site\/wp-content\/uploads\/2018\/02\/logo.png?fit=307%2C93&ssl=1\",\"width\":307,\"height\":93,\"caption\":\"Escola Polit\u00e9cnica Cenib\"},\"image\":{\"@id\":\"https:\/\/cenib.com.br\/site\/#\/schema\/logo\/image\/\"},\"sameAs\":[\"https:\/\/facebook.com\/escolacenib\",\"https:\/\/x.com\/cenib\",\"https:\/\/www.instagram.com\/escolacenib\/\"]}]}<\/script>\n<!-- \/ Yoast SEO plugin. -->","yoast_head_json":{"title":"Gradua\u00e7\u00e3o e P\u00f3s Gradua\u00e7\u00e3o EAD - Escola T\u00e9cnica Cenib","robots":{"index":"index","follow":"follow","max-snippet":"max-snippet:-1","max-image-preview":"max-image-preview:large","max-video-preview":"max-video-preview:-1"},"canonical":"https:\/\/cenib.com.br\/site\/graduacao-e-pos-graduacao-ead\/","og_locale":"pt_BR","og_type":"article","og_title":"Gradua\u00e7\u00e3o e P\u00f3s Gradua\u00e7\u00e3o EAD - Escola T\u00e9cnica Cenib","og_description":"Uninassau e Unifael &#8211; Polo Centro Rio GRADUA\u00c7\u00c3O | P\u00d3S GRADUA\u00c7\u00c3O | EAD | SEMIPRESENCIAL O Polo Centro Rio, \u00e9 um espa\u00e7o de apoio presencial aos alunos das faculdades UNINASSAU e UNIFAEL. Aqui, voc\u00ea conta com suporte completo para facilitar sua jornada acad\u00eamica com mais organiza\u00e7\u00e3o, praticidade e seguran\u00e7a. Os cursos de gradua\u00e7\u00e3o e p\u00f3s-gradua\u00e7\u00e3o [&hellip;]","og_url":"https:\/\/cenib.com.br\/site\/graduacao-e-pos-graduacao-ead\/","og_site_name":"Escola T\u00e9cnica Cenib","article_publisher":"https:\/\/facebook.com\/escolacenib","article_modified_time":"2026-04-24T17:25:11+00:00","og_image":[{"width":371,"height":154,"url":"https:\/\/cenib.com.br\/site\/wp-content\/uploads\/2026\/04\/WhatsApp-Image-2026-04-24-at-14.07.24.jpeg","type":"image\/jpeg"}],"twitter_card":"summary_large_image","twitter_site":"@cenib","twitter_misc":{"Est. tempo de leitura":"3 minutos"},"schema":{"@context":"https:\/\/schema.org","@graph":[{"@type":"WebPage","@id":"https:\/\/cenib.com.br\/site\/graduacao-e-pos-graduacao-ead\/","url":"https:\/\/cenib.com.br\/site\/graduacao-e-pos-graduacao-ead\/","name":"Gradua\u00e7\u00e3o e P\u00f3s Gradua\u00e7\u00e3o EAD - Escola T\u00e9cnica Cenib","isPartOf":{"@id":"https:\/\/cenib.com.br\/site\/#website"},"primaryImageOfPage":{"@id":"https:\/\/cenib.com.br\/site\/graduacao-e-pos-graduacao-ead\/#primaryimage"},"image":{"@id":"https:\/\/cenib.com.br\/site\/graduacao-e-pos-graduacao-ead\/#primaryimage"},"thumbnailUrl":"https:\/\/cenib.com.br\/site\/wp-content\/uploads\/2026\/04\/WhatsApp-Image-2026-04-24-at-14.07.24.jpeg","datePublished":"2026-03-30T11:52:10+00:00","dateModified":"2026-04-24T17:25:11+00:00","breadcrumb":{"@id":"https:\/\/cenib.com.br\/site\/graduacao-e-pos-graduacao-ead\/#breadcrumb"},"inLanguage":"pt-BR","potentialAction":[{"@type":"ReadAction","target":["https:\/\/cenib.com.br\/site\/graduacao-e-pos-graduacao-ead\/"]}]},{"@type":"ImageObject","inLanguage":"pt-BR","@id":"https:\/\/cenib.com.br\/site\/graduacao-e-pos-graduacao-ead\/#primaryimage","url":"https:\/\/cenib.com.br\/site\/wp-content\/uploads\/2026\/04\/WhatsApp-Image-2026-04-24-at-14.07.24.jpeg","contentUrl":"https:\/\/cenib.com.br\/site\/wp-content\/uploads\/2026\/04\/WhatsApp-Image-2026-04-24-at-14.07.24.jpeg","width":371,"height":154},{"@type":"BreadcrumbList","@id":"https:\/\/cenib.com.br\/site\/graduacao-e-pos-graduacao-ead\/#breadcrumb","itemListElement":[{"@type":"ListItem","position":1,"name":"In\u00edcio","item":"https:\/\/cenib.com.br\/site\/"},{"@type":"ListItem","position":2,"name":"Gradua\u00e7\u00e3o e P\u00f3s Gradua\u00e7\u00e3o EAD"}]},{"@type":"WebSite","@id":"https:\/\/cenib.com.br\/site\/#website","url":"https:\/\/cenib.com.br\/site\/","name":"Escola Polit\u00e9cnica Cenib","description":"Qualidade, Tradi\u00e7\u00e3o e Resultado","publisher":{"@id":"https:\/\/cenib.com.br\/site\/#organization"},"potentialAction":[{"@type":"SearchAction","target":{"@type":"EntryPoint","urlTemplate":"https:\/\/cenib.com.br\/site\/?s={search_term_string}"},"query-input":{"@type":"PropertyValueSpecification","valueRequired":true,"valueName":"search_term_string"}}],"inLanguage":"pt-BR"},{"@type":"Organization","@id":"https:\/\/cenib.com.br\/site\/#organization","name":"Escola Polit\u00e9cnica Cenib","url":"https:\/\/cenib.com.br\/site\/","logo":{"@type":"ImageObject","inLanguage":"pt-BR","@id":"https:\/\/cenib.com.br\/site\/#\/schema\/logo\/image\/","url":"https:\/\/i0.wp.com\/cenib.com.br\/site\/wp-content\/uploads\/2018\/02\/logo.png?fit=307%2C93&ssl=1","contentUrl":"https:\/\/i0.wp.com\/cenib.com.br\/site\/wp-content\/uploads\/2018\/02\/logo.png?fit=307%2C93&ssl=1","width":307,"height":93,"caption":"Escola Polit\u00e9cnica Cenib"},"image":{"@id":"https:\/\/cenib.com.br\/site\/#\/schema\/logo\/image\/"},"sameAs":["https:\/\/facebook.com\/escolacenib","https:\/\/x.com\/cenib","https:\/\/www.instagram.com\/escolacenib\/"]}]}},"_links":{"self":[{"href":"https:\/\/cenib.com.br\/site\/wp-json\/wp\/v2\/pages\/7745","targetHints":{"allow":["GET"]}}],"collection":[{"href":"https:\/\/cenib.com.br\/site\/wp-json\/wp\/v2\/pages"}],"about":[{"href":"https:\/\/cenib.com.br\/site\/wp-json\/wp\/v2\/types\/page"}],"author":[{"embeddable":true,"href":"https:\/\/cenib.com.br\/site\/wp-json\/wp\/v2\/users\/1"}],"replies":[{"embeddable":true,"href":"https:\/\/cenib.com.br\/site\/wp-json\/wp\/v2\/comments?post=7745"}],"version-history":[{"count":21,"href":"https:\/\/cenib.com.br\/site\/wp-json\/wp\/v2\/pages\/7745\/revisions"}],"predecessor-version":[{"id":7852,"href":"https:\/\/cenib.com.br\/site\/wp-json\/wp\/v2\/pages\/7745\/revisions\/7852"}],"wp:attachment":[{"href":"https:\/\/cenib.com.br\/site\/wp-json\/wp\/v2\/media?parent=7745"}],"curies":[{"name":"wp","href":"https:\/\/api.w.org\/{rel}","templated":true}]}}